{"id":627,"date":"2024-05-17T11:52:18","date_gmt":"2024-05-17T09:52:18","guid":{"rendered":"https:\/\/campingdulavandin.com\/swimmingpool\/"},"modified":"2024-05-27T11:40:30","modified_gmt":"2024-05-27T09:40:30","slug":"swimmingpool","status":"publish","type":"page","link":"https:\/\/campingdulavandin.com\/de\/swimmingpool\/","title":{"rendered":"Swimmingpool"},"content":{"rendered":"\n<div class=\"wp-block-cover alignfull is-light T-05\"><span aria-hidden=\"true\" class=\"wp-block-cover__background has-background-dim\"><\/span><img decoding=\"async\" width=\"1920\" height=\"914\" class=\"wp-block-cover__image-background wp-image-246\" alt=\"\" src=\"https:\/\/campingdulavandin.com\/wp-content\/uploads\/2024\/05\/Slide-8-1.webp\" data-object-fit=\"cover\" srcset=\"https:\/\/campingdulavandin.com\/wp-content\/uploads\/2024\/05\/Slide-8-1.webp 1920w, https:\/\/campingdulavandin.com\/wp-content\/uploads\/2024\/05\/Slide-8-1-300x143.webp 300w, https:\/\/campingdulavandin.com\/wp-content\/uploads\/2024\/05\/Slide-8-1-1024x487.webp 1024w, https:\/\/campingdulavandin.com\/wp-content\/uploads\/2024\/05\/Slide-8-1-768x366.webp 768w, https:\/\/campingdulavandin.com\/wp-content\/uploads\/2024\/05\/Slide-8-1-1536x731.webp 1536w\" sizes=\"(max-width: 1920px) 100vw, 1920px\" title=\"\"><div class=\"wp-block-cover__inner-container\">\n<h1>Wasserpark<\/h1>\n\n\n\n<p>Der <strong>beheizte Swimmingpool<\/strong> auf dem Campingplatz du Lavandin liegt <strong>im Herzen der Provence<\/strong> und ist eine Oase der Entspannung und des Vergn\u00fcgens f\u00fcr die ganze Familie.<\/p>\n\n\n\n<div class=\"is-layout-flex wp-block-buttons\">\n<div class=\"wp-block-button btn_resa\"><a class=\"wp-block-button__link wp-element-button\">Buchen Sie Ihren Aufenthalt<\/a><\/div>\n<\/div>\n<\/div><\/div>\n\n<div class=\"is-layout-constrained wp-block-group alignfull T-10 has-fond-background-color has-background\">\n<h2 class=\"has-text-align-center fade-up\">Genie\u00dfen Sie den Poolbereich<\/h2>\n\n\n\n<ul class=\"pictos fade-up\">\n<li><span class=\"fc-icon water-ladder-thin\"><\/span> <strong>Beheizter Swimmingpool<\/strong>: Komfort &amp; Entspannung<\/li>\n\n\n\n<li><span class=\"fc-icon umbrella-beach-thin\"><\/span>  Sonnenbaden im <strong>Solarium<\/strong><\/li>\n\n\n\n<li><span class=\"fc-icon sun-thin\"><\/span> Garantierte <strong>Erfrischung <\/strong><\/li>\n<\/ul>\n<\/div>\n\n<div class=\"is-layout-flex wp-container-5 wp-block-columns T-35 fade-up\">\n<div class=\"is-layout-flow wp-block-column col-img\">\n<figure class=\"wp-block-image size-large fc-auto\"><img decoding=\"async\" width=\"1024\" height=\"487\" src=\"https:\/\/campingdulavandin.com\/wp-content\/uploads\/2024\/05\/Slide-4-1-1024x487.webp\" alt=\"\" class=\"wp-image-262\" srcset=\"https:\/\/campingdulavandin.com\/wp-content\/uploads\/2024\/05\/Slide-4-1-1024x487.webp 1024w, https:\/\/campingdulavandin.com\/wp-content\/uploads\/2024\/05\/Slide-4-1-300x143.webp 300w, https:\/\/campingdulavandin.com\/wp-content\/uploads\/2024\/05\/Slide-4-1-768x366.webp 768w, https:\/\/campingdulavandin.com\/wp-content\/uploads\/2024\/05\/Slide-4-1-1536x731.webp 1536w, https:\/\/campingdulavandin.com\/wp-content\/uploads\/2024\/05\/Slide-4-1.webp 1920w\" sizes=\"(max-width: 1024px) 100vw, 1024px\" title=\"\"><\/figure>\n<\/div>\n\n\n\n<div class=\"is-layout-flow wp-block-column\">\n<p class=\"h2\">Beheizter Swimmingpool<\/p>\n\n\n\n<p>Dieser Pool ist von Beginn der Saison an ge\u00f6ffnet und bietet auch au\u00dferhalb der hei\u00dfen Monate eine <strong>ideale Wassertemperatur<\/strong>.<\/p>\n\n\n\n<p>Umgeben von einem <strong>Entspannungsbereich<\/strong> mit bequemen Liegest\u00fchlen ist es der perfekte Ort, um sich nach einem Tag voller Besichtigungen in der Region, die f\u00fcr ihr <a href=\"https:\/\/campingdulavandin.com\/de\/freizeit-und-besichtigungen-in-vaucluse\/\" data-type=\"page\" data-id=\"112\">historisches Erbe<\/a> und ihre <strong>malerischen Landschaften<\/strong> bekannt ist, zu erholen.<\/p>\n<\/div>\n<\/div>\n\n<div class=\"wp-block-cover alignfull T-25\"><span aria-hidden=\"true\" class=\"wp-block-cover__background has-background-dim\"><\/span><img decoding=\"async\" width=\"2048\" height=\"975\" class=\"wp-block-cover__image-background wp-image-226\" alt=\"\" src=\"https:\/\/campingdulavandin.com\/wp-content\/uploads\/2024\/05\/Slide-5-1.webp\" data-object-fit=\"cover\" srcset=\"https:\/\/campingdulavandin.com\/wp-content\/uploads\/2024\/05\/Slide-5-1.webp 2048w, https:\/\/campingdulavandin.com\/wp-content\/uploads\/2024\/05\/Slide-5-1-300x143.webp 300w, https:\/\/campingdulavandin.com\/wp-content\/uploads\/2024\/05\/Slide-5-1-1024x488.webp 1024w, https:\/\/campingdulavandin.com\/wp-content\/uploads\/2024\/05\/Slide-5-1-768x366.webp 768w, https:\/\/campingdulavandin.com\/wp-content\/uploads\/2024\/05\/Slide-5-1-1536x731.webp 1536w\" sizes=\"(max-width: 2048px) 100vw, 2048px\" title=\"\"><div class=\"wp-block-cover__inner-container\">\n<p class=\"fade-up\">Bereiten Sie Ihren Aufenthalt vor<\/p>\n\n\n\n<ul class=\"fade-up\">\n<li><a href=\"https:\/\/campingdulavandin.com\/de\/vermietung-mobilheim-cottage-orange\/\" data-type=\"page\" data-id=\"106\">Die Unterk\u00fcnfte<\/a><\/li>\n\n\n\n<li><a href=\"https:\/\/campingdulavandin.com\/de\/einrichtungen-camping-orange\/\" data-type=\"page\" data-id=\"108\">Dienstleistungen<\/a><\/li>\n\n\n\n<li><a href=\"https:\/\/campingdulavandin.com\/de\/freizeit-auf-dem-campingplatz\/\" data-type=\"page\" data-id=\"110\">Freizeit<\/a><\/li>\n<\/ul>\n\n\n\n<div class=\"is-layout-flex wp-block-buttons fade-up\">\n<div class=\"wp-block-button btn_resa\"><a class=\"wp-block-button__link wp-element-button\">Buchen Sie schnell<\/a><\/div>\n<\/div>\n<\/div><\/div>\n\n<div class=\"is-layout-flex wp-container-10 wp-block-columns T-20 fade-up reverse-mob\">\n<div class=\"is-layout-flow wp-block-column\">\n<figure class=\"wp-block-image size-full fc-auto\"><img decoding=\"async\" width=\"1024\" height=\"488\" src=\"https:\/\/campingdulavandin.com\/wp-content\/uploads\/2024\/05\/Slide-1.webp\" alt=\"\" class=\"wp-image-249\" srcset=\"https:\/\/campingdulavandin.com\/wp-content\/uploads\/2024\/05\/Slide-1.webp 1024w, https:\/\/campingdulavandin.com\/wp-content\/uploads\/2024\/05\/Slide-1-300x143.webp 300w, https:\/\/campingdulavandin.com\/wp-content\/uploads\/2024\/05\/Slide-1-768x366.webp 768w\" sizes=\"(max-width: 1024px) 100vw, 1024px\" title=\"\"><\/figure>\n<\/div>\n\n\n\n<div class=\"is-layout-flow wp-block-column\">\n<h3 class=\"has-violet-color has-text-color\">F\u00fcr Gro\u00df und Klein<\/h3>\n\n\n\n<p>Die j\u00fcngeren Kinder k\u00f6nnen spielen <strong>und planschen<\/strong>, w\u00e4hrend die Erwachsenen die <strong>friedliche und gr\u00fcne Umgebung<\/strong> genie\u00dfen k\u00f6nnen, die zur Ruhe einl\u00e4dt.<\/p>\n\n\n\n<p>Auf dem Campingplatz du Lavandin ist der <strong>beheizte Swimmingpool<\/strong> ein gro\u00dfer Pluspunkt f\u00fcr einen unvergesslichen Urlaub in der Provence.<\/p>\n\n\n\n<div class=\"is-layout-flex wp-block-buttons\">\n<div class=\"wp-block-button btn_resa\"><a class=\"wp-block-button__link wp-element-button\">Buchen Sie<\/a><\/div>\n<\/div>\n<\/div>\n<\/div>\n","protected":false},"excerpt":{"rendered":"<p>Genie\u00dfen Sie den Poolbereich Beheizter Swimmingpool Dieser Pool ist von Beginn der Saison an ge\u00f6ffnet und bietet auch au\u00dferhalb der hei\u00dfen Monate eine ideale Wassertemperatur. Umgeben von einem Entspannungsbereich mit bequemen Liegest\u00fchlen ist es der perfekte Ort, um sich nach einem Tag voller Besichtigungen in der Region, die f\u00fcr ihr historisches Erbe und ihre malerischen [&hellip;]<\/p>\n","protected":false},"author":1,"featured_media":0,"parent":0,"menu_order":0,"comment_status":"closed","ping_status":"closed","template":"","meta":[],"acf":[],"_links":{"self":[{"href":"https:\/\/campingdulavandin.com\/de\/wp-json\/wp\/v2\/pages\/627"}],"collection":[{"href":"https:\/\/campingdulavandin.com\/de\/wp-json\/wp\/v2\/pages"}],"about":[{"href":"https:\/\/campingdulavandin.com\/de\/wp-json\/wp\/v2\/types\/page"}],"author":[{"embeddable":true,"href":"https:\/\/campingdulavandin.com\/de\/wp-json\/wp\/v2\/users\/1"}],"replies":[{"embeddable":true,"href":"https:\/\/campingdulavandin.com\/de\/wp-json\/wp\/v2\/comments?post=627"}],"version-history":[{"count":4,"href":"https:\/\/campingdulavandin.com\/de\/wp-json\/wp\/v2\/pages\/627\/revisions"}],"predecessor-version":[{"id":665,"href":"https:\/\/campingdulavandin.com\/de\/wp-json\/wp\/v2\/pages\/627\/revisions\/665"}],"wp:attachment":[{"href":"https:\/\/campingdulavandin.com\/de\/wp-json\/wp\/v2\/media?parent=627"}],"curies":[{"name":"wp","href":"https:\/\/api.w.org\/{rel}","templated":true}]}}