{"id":642,"date":"2024-05-17T11:51:22","date_gmt":"2024-05-17T09:51:22","guid":{"rendered":"https:\/\/campingdulavandin.com\/stellplatze-camping-orange\/"},"modified":"2024-05-27T14:10:07","modified_gmt":"2024-05-27T12:10:07","slug":"stellplatze-camping-orange","status":"publish","type":"page","link":"https:\/\/campingdulavandin.com\/de\/stellplatze-camping-orange\/","title":{"rendered":"Pl\u00e4tze"},"content":{"rendered":"\n<div class=\"wp-block-cover alignfull T-05\"><span aria-hidden=\"true\" class=\"wp-block-cover__background has-background-dim\"><\/span><img decoding=\"async\" width=\"1920\" height=\"914\" class=\"wp-block-cover__image-background wp-image-141\" alt=\"\" src=\"https:\/\/campingdulavandin.com\/wp-content\/uploads\/2024\/05\/Slide-7.webp\" data-object-fit=\"cover\" srcset=\"https:\/\/campingdulavandin.com\/wp-content\/uploads\/2024\/05\/Slide-7.webp 1920w, https:\/\/campingdulavandin.com\/wp-content\/uploads\/2024\/05\/Slide-7-300x143.webp 300w, https:\/\/campingdulavandin.com\/wp-content\/uploads\/2024\/05\/Slide-7-1024x487.webp 1024w, https:\/\/campingdulavandin.com\/wp-content\/uploads\/2024\/05\/Slide-7-768x366.webp 768w, https:\/\/campingdulavandin.com\/wp-content\/uploads\/2024\/05\/Slide-7-1536x731.webp 1536w\" sizes=\"(max-width: 1920px) 100vw, 1920px\" title=\"\"><div class=\"wp-block-cover__inner-container\">\n<h1>Die Stellpl\u00e4tze<\/h1>\n\n\n\n<p>Geselliger Familiencampingplatz im Herzen der r\u00f6mischen Stadt Orange.<\/p>\n\n\n\n<div class=\"is-layout-flex wp-block-buttons\">\n<div class=\"wp-block-button btn_resa\"><a class=\"wp-block-button__link wp-element-button\">Informationen und Buchung<\/a><\/div>\n<\/div>\n<\/div><\/div>\n\n<div class=\"is-layout-constrained wp-block-group T-10 fade-up\">\n<p class=\"has-text-align-center h2\">Ihr erholsamer Natururlaub<\/p>\n\n\n\n<ul class=\"pictos\">\n<li><span class=\"fc-icon trees-thin\"><\/span> <strong>Schattige<\/strong> Parzellen<\/li>\n\n\n\n<li><span class=\"fc-icon leaf-thin\"><\/span> <strong>Pflanzliche<\/strong> Hecken<\/li>\n\n\n\n<li><span class=\"fc-icon bolt-thin\"><\/span>  Mit oder ohne <strong>Strom<\/strong><\/li>\n\n\n\n<li><span class=\"fc-icon wheelchair-move-thin\"><\/span>  Bestimmte Bereiche sind <strong>zug\u00e4nglich<\/strong><\/li>\n<\/ul>\n<\/div>\n\n<div class=\"is-layout-flex wp-container-8 wp-block-columns alignfull T-15 has-fond-background-color has-background\">\n<div class=\"is-layout-flow wp-block-column fade-up\">\n<h2>Ger\u00e4umige Stellpl\u00e4tze<\/h2>\n\n\n\n<p>Der Campingplatz du Lavandin verf\u00fcgt \u00fcber <strong>83 ger\u00e4umige, ebene, schattige und durch Hecken abgegrenzte Stellpl\u00e4tze<\/strong> mit oder ohne Strom (10 Ampere).<\/p>\n\n\n\n<div class=\"wp-block-fc-gut-encart fc-information\">\n<p>Wir verf\u00fcgen \u00fcber 3 leicht zug\u00e4ngliche R\u00e4ume und eine Toilette mit Dusche f\u00fcr Personen mit eingeschr\u00e4nkter Mobilit\u00e4t.<\/p>\n<\/div>\n\n\n\n<div class=\"is-layout-flex wp-block-buttons\">\n<div class=\"wp-block-button btn_resa_empl\"><a class=\"wp-block-button__link wp-element-button\">Buchen Sie einen Stellplatz<\/a><\/div>\n<\/div>\n<\/div>\n\n\n\n<div class=\"is-layout-flow wp-block-column fade-up\">\n<figure class=\"is-layout-flex wp-block-gallery-5 wp-block-gallery has-nested-images columns-4 is-cropped slider fc-auto\">\n<figure class=\"wp-block-image size-full fc-auto\"><img decoding=\"async\" width=\"1024\" height=\"1536\" src=\"https:\/\/campingdulavandin.com\/wp-content\/uploads\/2024\/05\/AdobeStock_513041534.webp\" alt=\"\" class=\"wp-image-419\" srcset=\"https:\/\/campingdulavandin.com\/wp-content\/uploads\/2024\/05\/AdobeStock_513041534.webp 1024w, https:\/\/campingdulavandin.com\/wp-content\/uploads\/2024\/05\/AdobeStock_513041534-200x300.webp 200w, https:\/\/campingdulavandin.com\/wp-content\/uploads\/2024\/05\/AdobeStock_513041534-683x1024.webp 683w, https:\/\/campingdulavandin.com\/wp-content\/uploads\/2024\/05\/AdobeStock_513041534-768x1152.webp 768w\" sizes=\"(max-width: 1024px) 100vw, 1024px\" title=\"\"><\/figure>\n\n\n\n<figure class=\"wp-block-image size-full fc-auto\"><img decoding=\"async\" width=\"1024\" height=\"1536\" src=\"https:\/\/campingdulavandin.com\/wp-content\/uploads\/2024\/05\/AdobeStock_289842432-1.webp\" alt=\"\" class=\"wp-image-422\" srcset=\"https:\/\/campingdulavandin.com\/wp-content\/uploads\/2024\/05\/AdobeStock_289842432-1.webp 1024w, https:\/\/campingdulavandin.com\/wp-content\/uploads\/2024\/05\/AdobeStock_289842432-1-200x300.webp 200w, https:\/\/campingdulavandin.com\/wp-content\/uploads\/2024\/05\/AdobeStock_289842432-1-683x1024.webp 683w, https:\/\/campingdulavandin.com\/wp-content\/uploads\/2024\/05\/AdobeStock_289842432-1-768x1152.webp 768w\" sizes=\"(max-width: 1024px) 100vw, 1024px\" title=\"\"><\/figure>\n\n\n\n<figure class=\"wp-block-image size-full fc-auto\"><img decoding=\"async\" width=\"1024\" height=\"1536\" src=\"https:\/\/campingdulavandin.com\/wp-content\/uploads\/2024\/05\/AdobeStock_419400826-1.webp\" alt=\"\" class=\"wp-image-423\" srcset=\"https:\/\/campingdulavandin.com\/wp-content\/uploads\/2024\/05\/AdobeStock_419400826-1.webp 1024w, https:\/\/campingdulavandin.com\/wp-content\/uploads\/2024\/05\/AdobeStock_419400826-1-200x300.webp 200w, https:\/\/campingdulavandin.com\/wp-content\/uploads\/2024\/05\/AdobeStock_419400826-1-683x1024.webp 683w, https:\/\/campingdulavandin.com\/wp-content\/uploads\/2024\/05\/AdobeStock_419400826-1-768x1152.webp 768w\" sizes=\"(max-width: 1024px) 100vw, 1024px\" title=\"\"><\/figure>\n\n\n\n<figure class=\"wp-block-image size-full fc-auto\"><img decoding=\"async\" width=\"854\" height=\"1280\" src=\"https:\/\/campingdulavandin.com\/wp-content\/uploads\/2024\/05\/campingcar.webp\" alt=\"\" class=\"wp-image-428\" srcset=\"https:\/\/campingdulavandin.com\/wp-content\/uploads\/2024\/05\/campingcar.webp 854w, https:\/\/campingdulavandin.com\/wp-content\/uploads\/2024\/05\/campingcar-200x300.webp 200w, https:\/\/campingdulavandin.com\/wp-content\/uploads\/2024\/05\/campingcar-683x1024.webp 683w, https:\/\/campingdulavandin.com\/wp-content\/uploads\/2024\/05\/campingcar-768x1151.webp 768w\" sizes=\"(max-width: 854px) 100vw, 854px\" title=\"\"><\/figure>\n<\/figure>\n<\/div>\n<\/div>\n\n<div class=\"is-layout-flex wp-container-11 wp-block-columns T-35 fade-up reverse-mob\">\n<div class=\"is-layout-flow wp-block-column col-img\">\n<figure class=\"wp-block-image size-large fc-auto\"><img decoding=\"async\" width=\"1024\" height=\"487\" src=\"https:\/\/campingdulavandin.com\/wp-content\/uploads\/2024\/05\/Slide-7-1024x487.webp\" alt=\"\" class=\"wp-image-141\" srcset=\"https:\/\/campingdulavandin.com\/wp-content\/uploads\/2024\/05\/Slide-7-1024x487.webp 1024w, https:\/\/campingdulavandin.com\/wp-content\/uploads\/2024\/05\/Slide-7-300x143.webp 300w, https:\/\/campingdulavandin.com\/wp-content\/uploads\/2024\/05\/Slide-7-768x366.webp 768w, https:\/\/campingdulavandin.com\/wp-content\/uploads\/2024\/05\/Slide-7-1536x731.webp 1536w, https:\/\/campingdulavandin.com\/wp-content\/uploads\/2024\/05\/Slide-7.webp 1920w\" sizes=\"(max-width: 1024px) 100vw, 1024px\" title=\"\"><\/figure>\n<\/div>\n\n\n\n<div class=\"is-layout-flow wp-block-column\">\n<p class=\"h2 has-violet-color has-text-color\">Wohnmobile sind willkommen<\/p>\n\n\n\n<p>F\u00fcr unsere <strong>Wohnmobilfreunde<\/strong> gibt es leicht zug\u00e4ngliche Pl\u00e4tze. Ein Serviceterminal erm\u00f6glicht die Entleerung von Schwarzwasserbeh\u00e4ltern und das Auff\u00fcllen von Wasser.<\/p>\n<\/div>\n<\/div>\n\n<div class=\"is-layout-constrained wp-block-group fade-up\">\n<p class=\"has-text-align-center h4 has-violet-color has-text-color\">Praktische Informationen<\/p>\n\n\n\n<div class=\"wp-block-fc-gut-encart fc-alerte\">\n<p>Der Campingplatz du Lavandin liegt <strong>10 Minuten vom Stadtzentrum<\/strong> von Orange entfernt, an der Kreuzung der Sonnenautobahnen A7 und A9, aber auch in der N\u00e4he der ber\u00fchmten Nationalstra\u00dfe 7.<\/p>\n\n\n\n<p>Die <strong>Via Rh\u00f4na<\/strong> und die <strong>Via Venaissia<\/strong> sind vom Campingplatz aus leicht zu erreichen, was ideal f\u00fcr den Empfang unserer Radfahrerfreunde ist.<\/p>\n<\/div>\n<\/div>\n","protected":false},"excerpt":{"rendered":"<p>Ihr erholsamer Natururlaub Ger\u00e4umige Stellpl\u00e4tze Der Campingplatz du Lavandin verf\u00fcgt \u00fcber 83 ger\u00e4umige, ebene, schattige und durch Hecken abgegrenzte Stellpl\u00e4tze mit oder ohne Strom (10 Ampere). Wohnmobile sind willkommen F\u00fcr unsere Wohnmobilfreunde gibt es leicht zug\u00e4ngliche Pl\u00e4tze. Ein Serviceterminal erm\u00f6glicht die Entleerung von Schwarzwasserbeh\u00e4ltern und das Auff\u00fcllen von Wasser. Praktische Informationen<\/p>\n","protected":false},"author":1,"featured_media":0,"parent":0,"menu_order":0,"comment_status":"closed","ping_status":"closed","template":"","meta":[],"acf":[],"_links":{"self":[{"href":"https:\/\/campingdulavandin.com\/de\/wp-json\/wp\/v2\/pages\/642"}],"collection":[{"href":"https:\/\/campingdulavandin.com\/de\/wp-json\/wp\/v2\/pages"}],"about":[{"href":"https:\/\/campingdulavandin.com\/de\/wp-json\/wp\/v2\/types\/page"}],"author":[{"embeddable":true,"href":"https:\/\/campingdulavandin.com\/de\/wp-json\/wp\/v2\/users\/1"}],"replies":[{"embeddable":true,"href":"https:\/\/campingdulavandin.com\/de\/wp-json\/wp\/v2\/comments?post=642"}],"version-history":[{"count":5,"href":"https:\/\/campingdulavandin.com\/de\/wp-json\/wp\/v2\/pages\/642\/revisions"}],"predecessor-version":[{"id":782,"href":"https:\/\/campingdulavandin.com\/de\/wp-json\/wp\/v2\/pages\/642\/revisions\/782"}],"wp:attachment":[{"href":"https:\/\/campingdulavandin.com\/de\/wp-json\/wp\/v2\/media?parent=642"}],"curies":[{"name":"wp","href":"https:\/\/api.w.org\/{rel}","templated":true}]}}