{"id":646,"date":"2024-05-17T11:50:38","date_gmt":"2024-05-17T09:50:38","guid":{"rendered":"https:\/\/campingdulavandin.com\/freizeit-auf-dem-campingplatz\/"},"modified":"2024-05-27T11:40:32","modified_gmt":"2024-05-27T09:40:32","slug":"freizeit-auf-dem-campingplatz","status":"publish","type":"page","link":"https:\/\/campingdulavandin.com\/de\/freizeit-auf-dem-campingplatz\/","title":{"rendered":"Aktivit\u00e4ten"},"content":{"rendered":"\n<div class=\"wp-block-cover alignfull T-05\"><span aria-hidden=\"true\" class=\"wp-block-cover__background has-background-dim\"><\/span><img decoding=\"async\" width=\"1920\" height=\"914\" class=\"wp-block-cover__image-background wp-image-153\" alt=\"\" src=\"https:\/\/campingdulavandin.com\/wp-content\/uploads\/2024\/05\/Slide-2.webp\" data-object-fit=\"cover\" srcset=\"https:\/\/campingdulavandin.com\/wp-content\/uploads\/2024\/05\/Slide-2.webp 1920w, https:\/\/campingdulavandin.com\/wp-content\/uploads\/2024\/05\/Slide-2-300x143.webp 300w, https:\/\/campingdulavandin.com\/wp-content\/uploads\/2024\/05\/Slide-2-1024x487.webp 1024w, https:\/\/campingdulavandin.com\/wp-content\/uploads\/2024\/05\/Slide-2-768x366.webp 768w, https:\/\/campingdulavandin.com\/wp-content\/uploads\/2024\/05\/Slide-2-1536x731.webp 1536w\" sizes=\"(max-width: 1920px) 100vw, 1920px\" title=\"\"><div class=\"wp-block-cover__inner-container\">\n<h1>Freizeit auf dem Campingplatz<\/h1>\n\n\n\n<p>Haben Sie Spa\u00df auf dem Campingplatz und erleben Sie unvergessliche Momente.<\/p>\n\n\n\n<div class=\"is-layout-flex wp-block-buttons\">\n<div class=\"wp-block-button btn_resa\"><a class=\"wp-block-button__link wp-element-button\">Buchen Sie Ihren Aufenthalt<\/a><\/div>\n<\/div>\n<\/div><\/div>\n\n<div class=\"is-layout-constrained wp-block-group T-10 fade-up\">\n<h2 class=\"has-text-align-center\">Gemeinsame Momente schaffen<\/h2>\n\n\n\n<p class=\"has-text-align-center\">Der Campingplatz du Lavandin ist die ideale Wahl f\u00fcr einen Familienurlaub, der Entspannung, Freizeit und <a href=\"https:\/\/campingdulavandin.com\/de\/freizeit-und-besichtigungen-in-vaucluse\/\" data-type=\"page\" data-id=\"112\">die Entdeckung des reichen Kultur<\/a> erbes der Region miteinander verbindet.<\/p>\n\n\n\n<ul class=\"pictos\">\n<li><span class=\"fc-icon water-ladder-thin\"><\/span> <strong>Beheizter Swimmingpool :<\/strong> <a href=\"https:\/\/campingdulavandin.com\/de\/swimmingpool\/\" data-type=\"page\" data-id=\"122\">mehr<\/a><\/li>\n\n\n\n<li><span class=\"fc-icon child-reaching-thin\"><\/span> <strong>Spielplatz<\/strong> f\u00fcr Kinder<\/li>\n\n\n\n<li><span class=\"fc-icon futbol-thin\"><\/span> <strong>Multisportpl\u00e4tze<\/strong> zum Auspowern<\/li>\n\n\n\n<li><span class=\"fc-icon tennis-ball-thin\"><\/span> <strong>Tennis- und Boulepl\u00e4tze<\/strong><\/li>\n<\/ul>\n<\/div>\n\n<div class=\"is-layout-flex wp-container-8 wp-block-columns alignfull T-15 reverse-mob has-fond-background-color has-background\">\n<div class=\"is-layout-flow wp-block-column fade-up\">\n<h2 class=\"h2\"><span class=\"fc-span\">Aktivit\u00e4ten <\/span>f\u00fcr Gro\u00df und Klein<\/h2>\n\n\n\n<p>F\u00fcr die j\u00fcngeren G\u00e4ste gibt es einen <strong>Spielplatz<\/strong> mit Tischtennis, Riesenschach und verschiedenen Spielpl\u00e4tzen, wo sie zusammen spielen und sich austoben k\u00f6nnen.<\/p>\n\n\n\n<p>Sportbegeisterte werden die<strong> Boule-<\/strong> und Tennispl\u00e4tze sowie den <strong>Multisportbereich<\/strong> zu sch\u00e4tzen wissen, wo Sie eine Partie Fu\u00dfball, Basketball oder Handball spielen k\u00f6nnen.<\/p>\n\n\n\n<div class=\"is-layout-flex wp-block-buttons\">\n<div class=\"wp-block-button\"><a class=\"wp-block-button__link wp-element-button\" href=\"https:\/\/campingdulavandin.com\/de\/fotogalerie\/\">In Bildern ansehen<\/a><\/div>\n<\/div>\n<\/div>\n\n\n\n<div class=\"is-layout-flow wp-block-column fade-up\">\n<figure class=\"is-layout-flex wp-block-gallery-5 wp-block-gallery has-nested-images columns-4 is-cropped slider fc-diapo fc-auto\">\n<figure class=\"wp-block-image size-full fc-auto\"><img decoding=\"async\" width=\"1920\" height=\"914\" src=\"https:\/\/campingdulavandin.com\/wp-content\/uploads\/2024\/05\/Slide-4-1.webp\" alt=\"\" class=\"wp-image-262\" srcset=\"https:\/\/campingdulavandin.com\/wp-content\/uploads\/2024\/05\/Slide-4-1.webp 1920w, https:\/\/campingdulavandin.com\/wp-content\/uploads\/2024\/05\/Slide-4-1-300x143.webp 300w, https:\/\/campingdulavandin.com\/wp-content\/uploads\/2024\/05\/Slide-4-1-1024x487.webp 1024w, https:\/\/campingdulavandin.com\/wp-content\/uploads\/2024\/05\/Slide-4-1-768x366.webp 768w, https:\/\/campingdulavandin.com\/wp-content\/uploads\/2024\/05\/Slide-4-1-1536x731.webp 1536w\" sizes=\"(max-width: 1920px) 100vw, 1920px\" title=\"\"><\/figure>\n\n\n\n<figure class=\"wp-block-image size-full fc-auto\"><img decoding=\"async\" width=\"1280\" height=\"1920\" src=\"https:\/\/campingdulavandin.com\/wp-content\/uploads\/2024\/05\/AdobeStock_1484083.webp\" alt=\"\" class=\"wp-image-162\" srcset=\"https:\/\/campingdulavandin.com\/wp-content\/uploads\/2024\/05\/AdobeStock_1484083.webp 1280w, https:\/\/campingdulavandin.com\/wp-content\/uploads\/2024\/05\/AdobeStock_1484083-200x300.webp 200w, https:\/\/campingdulavandin.com\/wp-content\/uploads\/2024\/05\/AdobeStock_1484083-683x1024.webp 683w, https:\/\/campingdulavandin.com\/wp-content\/uploads\/2024\/05\/AdobeStock_1484083-768x1152.webp 768w, https:\/\/campingdulavandin.com\/wp-content\/uploads\/2024\/05\/AdobeStock_1484083-1024x1536.webp 1024w\" sizes=\"(max-width: 1280px) 100vw, 1280px\" title=\"\"><\/figure>\n\n\n\n<figure class=\"wp-block-image size-full fc-auto\"><img decoding=\"async\" width=\"1024\" height=\"1530\" src=\"https:\/\/campingdulavandin.com\/wp-content\/uploads\/2024\/05\/AdobeStock_234226487.webp\" alt=\"\" class=\"wp-image-279\" srcset=\"https:\/\/campingdulavandin.com\/wp-content\/uploads\/2024\/05\/AdobeStock_234226487.webp 1024w, https:\/\/campingdulavandin.com\/wp-content\/uploads\/2024\/05\/AdobeStock_234226487-201x300.webp 201w, https:\/\/campingdulavandin.com\/wp-content\/uploads\/2024\/05\/AdobeStock_234226487-685x1024.webp 685w, https:\/\/campingdulavandin.com\/wp-content\/uploads\/2024\/05\/AdobeStock_234226487-768x1148.webp 768w\" sizes=\"(max-width: 1024px) 100vw, 1024px\" title=\"\"><\/figure>\n\n\n\n<figure class=\"wp-block-image size-full fc-auto\"><img decoding=\"async\" width=\"1024\" height=\"683\" src=\"https:\/\/campingdulavandin.com\/wp-content\/uploads\/2024\/05\/terrain-loisir.webp\" alt=\"\" class=\"wp-image-351\" srcset=\"https:\/\/campingdulavandin.com\/wp-content\/uploads\/2024\/05\/terrain-loisir.webp 1024w, https:\/\/campingdulavandin.com\/wp-content\/uploads\/2024\/05\/terrain-loisir-300x200.webp 300w, https:\/\/campingdulavandin.com\/wp-content\/uploads\/2024\/05\/terrain-loisir-768x512.webp 768w\" sizes=\"(max-width: 1024px) 100vw, 1024px\" title=\"\"><\/figure>\n\n\n\n<figure class=\"wp-block-image size-full fc-auto\"><img decoding=\"async\" width=\"1054\" height=\"1280\" src=\"https:\/\/campingdulavandin.com\/wp-content\/uploads\/2024\/05\/echec-loisir.webp\" alt=\"\" class=\"wp-image-348\" srcset=\"https:\/\/campingdulavandin.com\/wp-content\/uploads\/2024\/05\/echec-loisir.webp 1054w, https:\/\/campingdulavandin.com\/wp-content\/uploads\/2024\/05\/echec-loisir-247x300.webp 247w, https:\/\/campingdulavandin.com\/wp-content\/uploads\/2024\/05\/echec-loisir-843x1024.webp 843w, https:\/\/campingdulavandin.com\/wp-content\/uploads\/2024\/05\/echec-loisir-768x933.webp 768w\" sizes=\"(max-width: 1054px) 100vw, 1054px\" title=\"\"><\/figure>\n\n\n\n<figure class=\"wp-block-image size-full fc-auto\"><img decoding=\"async\" width=\"1024\" height=\"1611\" src=\"https:\/\/campingdulavandin.com\/wp-content\/uploads\/2024\/05\/AdobeStock_560156625.webp\" alt=\"\" class=\"wp-image-282\" srcset=\"https:\/\/campingdulavandin.com\/wp-content\/uploads\/2024\/05\/AdobeStock_560156625.webp 1024w, https:\/\/campingdulavandin.com\/wp-content\/uploads\/2024\/05\/AdobeStock_560156625-191x300.webp 191w, https:\/\/campingdulavandin.com\/wp-content\/uploads\/2024\/05\/AdobeStock_560156625-651x1024.webp 651w, https:\/\/campingdulavandin.com\/wp-content\/uploads\/2024\/05\/AdobeStock_560156625-768x1208.webp 768w, https:\/\/campingdulavandin.com\/wp-content\/uploads\/2024\/05\/AdobeStock_560156625-976x1536.webp 976w\" sizes=\"(max-width: 1024px) 100vw, 1024px\" title=\"\"><\/figure>\n\n\n\n<figure class=\"wp-block-image size-full fc-auto\"><img decoding=\"async\" width=\"1024\" height=\"1473\" src=\"https:\/\/campingdulavandin.com\/wp-content\/uploads\/2024\/05\/AdobeStock_798196325.webp\" alt=\"\" class=\"wp-image-288\" srcset=\"https:\/\/campingdulavandin.com\/wp-content\/uploads\/2024\/05\/AdobeStock_798196325.webp 1024w, https:\/\/campingdulavandin.com\/wp-content\/uploads\/2024\/05\/AdobeStock_798196325-209x300.webp 209w, https:\/\/campingdulavandin.com\/wp-content\/uploads\/2024\/05\/AdobeStock_798196325-712x1024.webp 712w, https:\/\/campingdulavandin.com\/wp-content\/uploads\/2024\/05\/AdobeStock_798196325-768x1105.webp 768w\" sizes=\"(max-width: 1024px) 100vw, 1024px\" title=\"\"><\/figure>\n<\/figure>\n<\/div>\n<\/div>\n","protected":false},"excerpt":{"rendered":"<p>Gemeinsame Momente schaffen Der Campingplatz du Lavandin ist die ideale Wahl f\u00fcr einen Familienurlaub, der Entspannung, Freizeit und die Entdeckung des reichen Kultur erbes der Region miteinander verbindet. Aktivit\u00e4ten f\u00fcr Gro\u00df und Klein F\u00fcr die j\u00fcngeren G\u00e4ste gibt es einen Spielplatz mit Tischtennis, Riesenschach und verschiedenen Spielpl\u00e4tzen, wo sie zusammen spielen und sich austoben k\u00f6nnen. [&hellip;]<\/p>\n","protected":false},"author":1,"featured_media":0,"parent":0,"menu_order":0,"comment_status":"closed","ping_status":"closed","template":"","meta":[],"acf":[],"_links":{"self":[{"href":"https:\/\/campingdulavandin.com\/de\/wp-json\/wp\/v2\/pages\/646"}],"collection":[{"href":"https:\/\/campingdulavandin.com\/de\/wp-json\/wp\/v2\/pages"}],"about":[{"href":"https:\/\/campingdulavandin.com\/de\/wp-json\/wp\/v2\/types\/page"}],"author":[{"embeddable":true,"href":"https:\/\/campingdulavandin.com\/de\/wp-json\/wp\/v2\/users\/1"}],"replies":[{"embeddable":true,"href":"https:\/\/campingdulavandin.com\/de\/wp-json\/wp\/v2\/comments?post=646"}],"version-history":[{"count":4,"href":"https:\/\/campingdulavandin.com\/de\/wp-json\/wp\/v2\/pages\/646\/revisions"}],"predecessor-version":[{"id":681,"href":"https:\/\/campingdulavandin.com\/de\/wp-json\/wp\/v2\/pages\/646\/revisions\/681"}],"wp:attachment":[{"href":"https:\/\/campingdulavandin.com\/de\/wp-json\/wp\/v2\/media?parent=646"}],"curies":[{"name":"wp","href":"https:\/\/api.w.org\/{rel}","templated":true}]}}