{"id":669,"date":"2024-05-17T11:50:15","date_gmt":"2024-05-17T09:50:15","guid":{"rendered":"https:\/\/campingdulavandin.com\/einrichtungen-camping-orange\/"},"modified":"2024-07-30T08:18:27","modified_gmt":"2024-07-30T06:18:27","slug":"einrichtungen-camping-orange","status":"publish","type":"page","link":"https:\/\/campingdulavandin.com\/de\/einrichtungen-camping-orange\/","title":{"rendered":"Dienste"},"content":{"rendered":"\n<div class=\"wp-block-cover alignfull T-05\"><span aria-hidden=\"true\" class=\"wp-block-cover__background has-background-dim\"><\/span><img decoding=\"async\" width=\"2048\" height=\"1365\" class=\"wp-block-cover__image-background wp-image-319\" alt=\"\" src=\"https:\/\/campingdulavandin.com\/wp-content\/uploads\/2024\/05\/AdobeStock_580896313-1.webp\" data-object-fit=\"cover\" srcset=\"https:\/\/campingdulavandin.com\/wp-content\/uploads\/2024\/05\/AdobeStock_580896313-1.webp 2048w, https:\/\/campingdulavandin.com\/wp-content\/uploads\/2024\/05\/AdobeStock_580896313-1-300x200.webp 300w, https:\/\/campingdulavandin.com\/wp-content\/uploads\/2024\/05\/AdobeStock_580896313-1-1024x683.webp 1024w, https:\/\/campingdulavandin.com\/wp-content\/uploads\/2024\/05\/AdobeStock_580896313-1-768x512.webp 768w, https:\/\/campingdulavandin.com\/wp-content\/uploads\/2024\/05\/AdobeStock_580896313-1-1536x1024.webp 1536w\" sizes=\"(max-width: 2048px) 100vw, 2048px\" title=\"\"><div class=\"wp-block-cover__inner-container\">\n<h1>Verf\u00fcgbare Dienstleistungen<\/h1>\n\n\n\n<p>Der Campingplatz du Lavandin bietet eine komplette Reihe von <strong>Dienstleistungen und Einrichtungen<\/strong>, um Ihnen einen angenehmen und komfortablen Aufenthalt zu garantieren.<\/p>\n\n\n\n<div class=\"is-layout-flex wp-block-buttons\">\n<div class=\"wp-block-button btn_resa\"><a class=\"wp-block-button__link wp-element-button\">Informationen und Buchung<\/a><\/div>\n<\/div>\n<\/div><\/div>\n\n\n\n<div class=\"is-layout-constrained wp-block-group T-10\">\n<p class=\"has-text-align-center h2 fade-up\">Komfortleistungen<\/p>\n\n\n\n<p class=\"has-text-align-center fade-up\">Der Campingplatz du Lavandin verf\u00fcgt \u00fcber einen <a href=\"https:\/\/campingdulavandin.com\/de\/swimmingpool\/\" data-type=\"page\" data-id=\"122\">beheizten Swimmingpool<\/a>, der zu jeder Jahreszeit zum Schwimmen einl\u00e4dt, einen <strong>Kinderspielplatz<\/strong>, der die Kleinen begeistern wird, sowie verschiedene Einrichtungen.<\/p>\n\n\n\n<ul class=\"pictos fade-up long\">\n<li><span class=\"fc-icon burger-fries-thin\"><\/span> <strong>Snackbar<\/strong> f\u00fcr den kleinen Hunger zwischendurch<\/li>\n\n\n\n<li><span class=\"fc-icon baguette-thin\"><\/span> <strong>Brot- und Geb\u00e4ckservice<\/strong><\/li>\n\n\n\n<li><span class=\"fc-icon basket-shopping-thin\"><\/span> <strong>Lebensmittelgesch\u00e4ft <\/strong>ab 10 Uhr ge\u00f6ffnet<\/li>\n\n\n\n<li><span class=\"fc-icon racquet-thin\"><\/span> <strong>Verleih von Ausr\u00fcstung<\/strong> (Schl\u00e4ger, B\u00e4lle, Kugeln, B\u00e4lle)<\/li>\n\n\n\n<li><span class=\"fc-icon grill-hot-thin\"><\/span>  Freier Zugang zu <strong>Grills<\/strong><\/li>\n\n\n\n<li><span class=\"fc-icon toilet-thin\"><\/span> <strong>Sanit\u00e4ranlagen<\/strong> + PMR<\/li>\n\n\n\n<li><span class=\"fc-icon washing-machine-thin\"><\/span> <strong>Waschmaschine<\/strong> zur Verf\u00fcgung<\/li>\n<\/ul>\n<\/div>\n\n\n\n<div class=\"is-layout-flex wp-container-8 wp-block-columns alignfull T-15 has-fond-background-color has-background\">\n<div class=\"is-layout-flow wp-block-column fade-up\">\n<h2>Verpflegung vor Ort<\/h2>\n\n\n\n<p><span class=\"fc-span\">Entdecken Sie unser Restaurant<\/span> f\u00fcr Ihre Mahlzeiten und Abende!<\/p>\n\n\n\n<p><strong>Wir begr\u00fc\u00dfen Sie in einer freundlichen und festlichen Atmosph\u00e4re!<\/strong><\/p>\n\n\n\n<ul>\n<li>Das Restaurant ist f\u00fcr alle ge\u00f6ffnet, auch f\u00fcr Besucher au\u00dferhalb des Campingplatzes.<\/li>\n\n\n\n<li>Wir begr\u00fc\u00dfen Sie jeden Abend im Restaurant (au\u00dfer Montag).<\/li>\n<\/ul>\n\n\n\n<div class=\"is-layout-flex wp-block-buttons\">\n<div class=\"wp-block-button btn_resa\"><a class=\"wp-block-button__link wp-element-button\">Buchen Sie schnell!<\/a><\/div>\n<\/div>\n<\/div>\n\n\n\n<div class=\"is-layout-flow wp-block-column fade-up\">\n<figure class=\"is-layout-flex wp-block-gallery-5 wp-block-gallery has-nested-images columns-4 is-cropped slider fc-auto\">\n<figure class=\"wp-block-image size-full fc-auto\"><img decoding=\"async\" width=\"800\" height=\"600\" src=\"https:\/\/campingdulavandin.com\/wp-content\/uploads\/2024\/05\/restaurant-camping-manon.webp\" alt=\"\" class=\"wp-image-330\" srcset=\"https:\/\/campingdulavandin.com\/wp-content\/uploads\/2024\/05\/restaurant-camping-manon.webp 800w, https:\/\/campingdulavandin.com\/wp-content\/uploads\/2024\/05\/restaurant-camping-manon-300x225.webp 300w, https:\/\/campingdulavandin.com\/wp-content\/uploads\/2024\/05\/restaurant-camping-manon-768x576.webp 768w\" sizes=\"(max-width: 800px) 100vw, 800px\" title=\"\"><\/figure>\n\n\n\n<figure class=\"wp-block-image size-full fc-auto\"><img decoding=\"async\" width=\"1024\" height=\"683\" src=\"https:\/\/campingdulavandin.com\/wp-content\/uploads\/2024\/05\/AdobeStock_211700606.webp\" alt=\"\" class=\"wp-image-327\" srcset=\"https:\/\/campingdulavandin.com\/wp-content\/uploads\/2024\/05\/AdobeStock_211700606.webp 1024w, https:\/\/campingdulavandin.com\/wp-content\/uploads\/2024\/05\/AdobeStock_211700606-300x200.webp 300w, https:\/\/campingdulavandin.com\/wp-content\/uploads\/2024\/05\/AdobeStock_211700606-768x512.webp 768w\" sizes=\"(max-width: 1024px) 100vw, 1024px\" title=\"\"><\/figure>\n\n\n\n<figure class=\"wp-block-image size-full fc-auto\"><img decoding=\"async\" width=\"1920\" height=\"914\" src=\"https:\/\/campingdulavandin.com\/wp-content\/uploads\/2024\/05\/Slide-6-1.webp\" alt=\"\" class=\"wp-image-333\" srcset=\"https:\/\/campingdulavandin.com\/wp-content\/uploads\/2024\/05\/Slide-6-1.webp 1920w, https:\/\/campingdulavandin.com\/wp-content\/uploads\/2024\/05\/Slide-6-1-300x143.webp 300w, https:\/\/campingdulavandin.com\/wp-content\/uploads\/2024\/05\/Slide-6-1-1024x487.webp 1024w, https:\/\/campingdulavandin.com\/wp-content\/uploads\/2024\/05\/Slide-6-1-768x366.webp 768w, https:\/\/campingdulavandin.com\/wp-content\/uploads\/2024\/05\/Slide-6-1-1536x731.webp 1536w\" sizes=\"(max-width: 1920px) 100vw, 1920px\" title=\"\"><\/figure>\n\n\n\n<figure class=\"wp-block-image size-full fc-auto\"><img decoding=\"async\" width=\"1024\" height=\"683\" src=\"https:\/\/campingdulavandin.com\/wp-content\/uploads\/2024\/05\/AdobeStock_202483549.webp\" alt=\"\" class=\"wp-image-336\" srcset=\"https:\/\/campingdulavandin.com\/wp-content\/uploads\/2024\/05\/AdobeStock_202483549.webp 1024w, https:\/\/campingdulavandin.com\/wp-content\/uploads\/2024\/05\/AdobeStock_202483549-300x200.webp 300w, https:\/\/campingdulavandin.com\/wp-content\/uploads\/2024\/05\/AdobeStock_202483549-768x512.webp 768w\" sizes=\"(max-width: 1024px) 100vw, 1024px\" title=\"\"><\/figure>\n<\/figure>\n<\/div>\n<\/div>\n\n\n\n<div class=\"is-layout-flex wp-container-12 wp-block-columns T-35 fade-up reverse-mob\">\n<div class=\"is-layout-flow wp-block-column col-img\">\n<figure class=\"wp-block-image size-large fc-auto\"><img decoding=\"async\" width=\"1024\" height=\"683\" src=\"https:\/\/campingdulavandin.com\/wp-content\/uploads\/2024\/05\/lave-linge-1024x683.webp\" alt=\"\" class=\"wp-image-295\" srcset=\"https:\/\/campingdulavandin.com\/wp-content\/uploads\/2024\/05\/lave-linge-1024x683.webp 1024w, https:\/\/campingdulavandin.com\/wp-content\/uploads\/2024\/05\/lave-linge-300x200.webp 300w, https:\/\/campingdulavandin.com\/wp-content\/uploads\/2024\/05\/lave-linge-768x512.webp 768w, https:\/\/campingdulavandin.com\/wp-content\/uploads\/2024\/05\/lave-linge-1536x1024.webp 1536w, https:\/\/campingdulavandin.com\/wp-content\/uploads\/2024\/05\/lave-linge.webp 1920w\" sizes=\"(max-width: 1024px) 100vw, 1024px\" title=\"\"><\/figure>\n<\/div>\n\n\n\n<div class=\"is-layout-flow wp-block-column\">\n<p class=\"h2\">Alles, was Sie brauchen<\/p>\n\n\n\n<p>F\u00fcr Ihren Komfort stehen Ihnen <strong>moderne<\/strong> und gepflegte <strong>Sanit\u00e4ranlagen<\/strong> mit <strong>behindertengerechter<\/strong> Dusche und WC sowie ein Waschsalon zur Verf\u00fcgung.<\/p>\n\n\n\n<p>Im Ort gibt es ein <strong>Lebensmittelgesch\u00e4ft <\/strong>, in dem Sie alles Notwendige kaufen k\u00f6nnen und einen <strong>Brot- und Geb\u00e4ckservice<\/strong>, um Ihren Tag zu beginnen.<\/p>\n\n\n\n<div class=\"is-layout-flex wp-block-buttons\">\n<div class=\"wp-block-button\"><a class=\"wp-block-button__link wp-element-button\" href=\"https:\/\/campingdulavandin.com\/de\/fotogalerie\/?galerie=services\">In Bildern ansehen<\/a><\/div>\n<\/div>\n<\/div>\n<\/div>\n\n\n\n<div class=\"is-layout-constrained wp-block-group\">\n<div class=\"wp-block-fc-gut-encart fc-information\">\n<p class=\"has-text-align-center h3 has-violet-color has-text-color\">Praktische Informationen<\/p>\n\n\n\n<p class=\"has-text-align-center\"><strong>Am Empfangspunkt k\u00f6nnen Sie Ihr Brot oder Ihre Croissants abholen<\/strong>.<\/p>\n\n\n\n<p class=\"has-text-align-center\">Sie finden alles, was Sie brauchen, im<strong>Lebensmittelgesch\u00e4ft, das ab 8.00 Uhr ge\u00f6ffnet<\/strong> ist.<\/p>\n\n\n\n<p class=\"has-text-align-center\">Das B\u00fcro ist durchgehend von 8.00 bis 20.00 Uhr ge\u00f6ffnet, Sie melden sich bei Ihrer Ankunft an und bezahlen Ihre Rechnung am Tag vor Ihrer Abreise.<\/p>\n<\/div>\n<\/div>\n","protected":false},"excerpt":{"rendered":"<p>Komfortleistungen Der Campingplatz du Lavandin verf\u00fcgt \u00fcber einen beheizten Swimmingpool, der zu jeder Jahreszeit zum Schwimmen einl\u00e4dt, einen Kinderspielplatz, der die Kleinen begeistern wird, sowie verschiedene Einrichtungen. Verpflegung vor Ort Entdecken Sie unser Restaurant f\u00fcr Ihre Mahlzeiten und Abende! Wir begr\u00fc\u00dfen Sie in einer freundlichen und festlichen Atmosph\u00e4re! Alles, was Sie brauchen F\u00fcr Ihren Komfort [&hellip;]<\/p>\n","protected":false},"author":1,"featured_media":0,"parent":0,"menu_order":0,"comment_status":"closed","ping_status":"closed","template":"","meta":[],"acf":[],"_links":{"self":[{"href":"https:\/\/campingdulavandin.com\/de\/wp-json\/wp\/v2\/pages\/669"}],"collection":[{"href":"https:\/\/campingdulavandin.com\/de\/wp-json\/wp\/v2\/pages"}],"about":[{"href":"https:\/\/campingdulavandin.com\/de\/wp-json\/wp\/v2\/types\/page"}],"author":[{"embeddable":true,"href":"https:\/\/campingdulavandin.com\/de\/wp-json\/wp\/v2\/users\/1"}],"replies":[{"embeddable":true,"href":"https:\/\/campingdulavandin.com\/de\/wp-json\/wp\/v2\/comments?post=669"}],"version-history":[{"count":5,"href":"https:\/\/campingdulavandin.com\/de\/wp-json\/wp\/v2\/pages\/669\/revisions"}],"predecessor-version":[{"id":1079,"href":"https:\/\/campingdulavandin.com\/de\/wp-json\/wp\/v2\/pages\/669\/revisions\/1079"}],"wp:attachment":[{"href":"https:\/\/campingdulavandin.com\/de\/wp-json\/wp\/v2\/media?parent=669"}],"curies":[{"name":"wp","href":"https:\/\/api.w.org\/{rel}","templated":true}]}}