{"id":687,"date":"2024-05-17T11:49:38","date_gmt":"2024-05-17T09:49:38","guid":{"rendered":"https:\/\/campingdulavandin.com\/vermietung-mobilheim-cottage-orange\/"},"modified":"2024-07-05T12:08:39","modified_gmt":"2024-07-05T10:08:39","slug":"vermietung-mobilheim-cottage-orange","status":"publish","type":"page","link":"https:\/\/campingdulavandin.com\/de\/vermietung-mobilheim-cottage-orange\/","title":{"rendered":"Mietwohnungen"},"content":{"rendered":"\n<div class=\"wp-block-cover alignfull T-05\"><span aria-hidden=\"true\" class=\"wp-block-cover__background has-background-dim\"><\/span><img decoding=\"async\" width=\"1920\" height=\"1278\" class=\"wp-block-cover__image-background wp-image-523\" alt=\"\" src=\"https:\/\/campingdulavandin.com\/wp-content\/uploads\/2024\/05\/1687_57a3030ebae14_51ba94294c0bd5d5bc62d5f1cc568fd8938ce57b.png\" data-object-fit=\"cover\" srcset=\"https:\/\/campingdulavandin.com\/wp-content\/uploads\/2024\/05\/1687_57a3030ebae14_51ba94294c0bd5d5bc62d5f1cc568fd8938ce57b.png 1920w, https:\/\/campingdulavandin.com\/wp-content\/uploads\/2024\/05\/1687_57a3030ebae14_51ba94294c0bd5d5bc62d5f1cc568fd8938ce57b-300x200.png 300w, https:\/\/campingdulavandin.com\/wp-content\/uploads\/2024\/05\/1687_57a3030ebae14_51ba94294c0bd5d5bc62d5f1cc568fd8938ce57b-1024x682.png 1024w, https:\/\/campingdulavandin.com\/wp-content\/uploads\/2024\/05\/1687_57a3030ebae14_51ba94294c0bd5d5bc62d5f1cc568fd8938ce57b-768x511.png 768w, https:\/\/campingdulavandin.com\/wp-content\/uploads\/2024\/05\/1687_57a3030ebae14_51ba94294c0bd5d5bc62d5f1cc568fd8938ce57b-1536x1022.png 1536w\" sizes=\"(max-width: 1920px) 100vw, 1920px\" title=\"\"><div class=\"wp-block-cover__inner-container\">\n<h1>Mobilheime &amp; Cottages<\/h1>\n\n\n\n<p>Entdecken Sie unsere Mobilheimserien Komfort und Luxus-Cottage f\u00fcr Ihren Campingurlaub.<\/p>\n\n\n\n<div class=\"is-layout-flex wp-block-buttons\">\n<div class=\"wp-block-button btn_resa_loc\"><a class=\"wp-block-button__link wp-element-button\">Buchen Sie ein Mobilheim<\/a><\/div>\n<\/div>\n<\/div><\/div>\n\n\n\n<div class=\"is-layout-flex wp-container-7 wp-block-columns alignfull T-15 has-fond-background-color has-background\">\n<div class=\"is-layout-flow wp-block-column fade-up\">\n<h2>Mobilheime <span class=\"fc-span\">Komfort<\/span><\/h2>\n\n\n\n<p>Die Mobilheime auf dem Campingplatz du Lavandin in den C\u00f4tes du Rh\u00f4ne bieten <strong>Komfort und Modernit\u00e4t<\/strong> mit ger\u00e4umigen Zimmern, einer voll ausgestatteten K\u00fcche und einer schattigen Terrasse.<\/p>\n\n\n\n<p>Sie sind ideal f\u00fcr Familien und bieten eine <strong>ruhige, nat\u00fcrliche Umgebung<\/strong> in der N\u00e4he der Weinberge und der <a href=\"https:\/\/campingdulavandin.com\/de\/freizeit-und-besichtigungen-in-vaucluse\/\" data-type=\"page\" data-id=\"112\">Sehensw\u00fcrdigkeiten der Provence<\/a>.<\/p>\n\n\n\n<div class=\"is-layout-flex wp-block-buttons\">\n<div class=\"wp-block-button\"><a class=\"wp-block-button__link wp-element-button\" href=\"https:\/\/campingdulavandin.com\/de\/fotogalerie\/?galerie=locations\">In Bildern ansehen<\/a><\/div>\n<\/div>\n<\/div>\n\n\n\n<div class=\"is-layout-flow wp-block-column fade-up\">\n<figure class=\"is-layout-flex wp-block-gallery-4 wp-block-gallery has-nested-images columns-2 is-cropped slider fc-diapo fc-auto\">\n<figure class=\"wp-block-image size-full fc-auto\"><img decoding=\"async\" width=\"640\" height=\"480\" src=\"https:\/\/campingdulavandin.com\/wp-content\/uploads\/2024\/05\/P1020039.jpg\" alt=\"\" class=\"wp-image-529\" srcset=\"https:\/\/campingdulavandin.com\/wp-content\/uploads\/2024\/05\/P1020039.jpg 640w, https:\/\/campingdulavandin.com\/wp-content\/uploads\/2024\/05\/P1020039-300x225.jpg 300w\" sizes=\"(max-width: 640px) 100vw, 640px\" title=\"\"><figcaption class=\"wp-element-caption\">Maia<\/figcaption><\/figure>\n\n\n\n<figure class=\"wp-block-image size-full fc-auto\"><img decoding=\"async\" width=\"640\" height=\"480\" src=\"https:\/\/campingdulavandin.com\/wp-content\/uploads\/2024\/05\/P1020041.jpg\" alt=\"\" class=\"wp-image-532\" srcset=\"https:\/\/campingdulavandin.com\/wp-content\/uploads\/2024\/05\/P1020041.jpg 640w, https:\/\/campingdulavandin.com\/wp-content\/uploads\/2024\/05\/P1020041-300x225.jpg 300w\" sizes=\"(max-width: 640px) 100vw, 640px\" title=\"\"><figcaption class=\"wp-element-caption\">R\u00e9mus<\/figcaption><\/figure>\n\n\n\n<figure class=\"wp-block-image size-full fc-auto\"><img decoding=\"async\" width=\"1000\" height=\"666\" src=\"https:\/\/campingdulavandin.com\/wp-content\/uploads\/2024\/05\/1689_57a3031861cf1_08ca76b2d25a5aac9d2976b59b61546d8d70cba7.jpg\" alt=\"\" class=\"wp-image-535\" srcset=\"https:\/\/campingdulavandin.com\/wp-content\/uploads\/2024\/05\/1689_57a3031861cf1_08ca76b2d25a5aac9d2976b59b61546d8d70cba7.jpg 1000w, https:\/\/campingdulavandin.com\/wp-content\/uploads\/2024\/05\/1689_57a3031861cf1_08ca76b2d25a5aac9d2976b59b61546d8d70cba7-300x200.jpg 300w, https:\/\/campingdulavandin.com\/wp-content\/uploads\/2024\/05\/1689_57a3031861cf1_08ca76b2d25a5aac9d2976b59b61546d8d70cba7-768x511.jpg 768w\" sizes=\"(max-width: 1000px) 100vw, 1000px\" title=\"\"><figcaption class=\"wp-element-caption\">Auguste<\/figcaption><\/figure>\n\n\n\n<figure class=\"wp-block-image size-full fc-auto\"><img decoding=\"async\" width=\"1000\" height=\"666\" src=\"https:\/\/campingdulavandin.com\/wp-content\/uploads\/2024\/05\/1730_57a3077b6fd2c_1a5e35bd5670736f56dd077f54e169b635b247e9.jpg\" alt=\"\" class=\"wp-image-541\" srcset=\"https:\/\/campingdulavandin.com\/wp-content\/uploads\/2024\/05\/1730_57a3077b6fd2c_1a5e35bd5670736f56dd077f54e169b635b247e9.jpg 1000w, https:\/\/campingdulavandin.com\/wp-content\/uploads\/2024\/05\/1730_57a3077b6fd2c_1a5e35bd5670736f56dd077f54e169b635b247e9-300x200.jpg 300w, https:\/\/campingdulavandin.com\/wp-content\/uploads\/2024\/05\/1730_57a3077b6fd2c_1a5e35bd5670736f56dd077f54e169b635b247e9-768x511.jpg 768w\" sizes=\"(max-width: 1000px) 100vw, 1000px\" title=\"\"><figcaption class=\"wp-element-caption\">Hadrien<\/figcaption><\/figure>\n\n\n\n<figure class=\"wp-block-image size-full slider fc-auto\"><img decoding=\"async\" width=\"630\" height=\"473\" src=\"https:\/\/campingdulavandin.com\/wp-content\/uploads\/2024\/07\/fauliette.webp\" alt=\"\" class=\"wp-image-810\" srcset=\"https:\/\/campingdulavandin.com\/wp-content\/uploads\/2024\/07\/fauliette.webp 630w, https:\/\/campingdulavandin.com\/wp-content\/uploads\/2024\/07\/fauliette-300x225.webp 300w\" sizes=\"(max-width: 630px) 100vw, 630px\" title=\"\"><figcaption class=\"wp-element-caption\">Alligator, Germani et Fauliette<\/figcaption><\/figure>\n<\/figure>\n<\/div>\n<\/div>\n\n\n\n<div class=\"wp-block-cover alignfull is-light T-25\"><span aria-hidden=\"true\" class=\"wp-block-cover__background has-background-dim\"><\/span><img decoding=\"async\" width=\"1920\" height=\"1281\" class=\"wp-block-cover__image-background wp-image-90\" alt=\"\" src=\"https:\/\/campingdulavandin.com\/wp-content\/uploads\/2024\/05\/AdobeStock_233361456.webp\" data-object-fit=\"cover\" srcset=\"https:\/\/campingdulavandin.com\/wp-content\/uploads\/2024\/05\/AdobeStock_233361456.webp 1920w, https:\/\/campingdulavandin.com\/wp-content\/uploads\/2024\/05\/AdobeStock_233361456-300x200.webp 300w, https:\/\/campingdulavandin.com\/wp-content\/uploads\/2024\/05\/AdobeStock_233361456-1024x683.webp 1024w, https:\/\/campingdulavandin.com\/wp-content\/uploads\/2024\/05\/AdobeStock_233361456-768x512.webp 768w, https:\/\/campingdulavandin.com\/wp-content\/uploads\/2024\/05\/AdobeStock_233361456-1536x1025.webp 1536w\" sizes=\"(max-width: 1920px) 100vw, 1920px\" title=\"\"><div class=\"wp-block-cover__inner-container\">\n<p class=\"fade-up\">Unsere Mobilheime<\/p>\n\n\n\n<ul class=\"fade-up\">\n<li>Maia <em>2 pers.<\/em><\/li>\n\n\n\n<li>Alligator &amp; Germani <em>4 pers.<\/em><\/li>\n\n\n\n<li>R\u00e9mus <em>6 pers.<\/em><\/li>\n\n\n\n<li>Fauliette <em>6 pers.<\/em><\/li>\n\n\n\n<li>Hadrien <em>4 pers.<\/em><\/li>\n\n\n\n<li>Auguste <em>6 pers.<\/em><\/li>\n\n\n\n<li>Venus &amp; Bacchus <em>4 pers.<\/em><\/li>\n\n\n\n<li>Chalet Cesar <em>4 pers.<\/em><\/li>\n<\/ul>\n\n\n\n<div class=\"is-layout-flex wp-block-buttons fade-up\">\n<div class=\"wp-block-button btn_resa_empl\"><a class=\"wp-block-button__link wp-element-button\">Buchen Sie schnell<\/a><\/div>\n<\/div>\n<\/div><\/div>\n\n\n\n<div class=\"is-layout-constrained wp-block-group T-10 fade-up\">\n<p class=\"has-text-align-center h2\">Ihr Urlaub auf einem Komfort-Campingplatz<\/p>\n\n\n\n<ul class=\"pictos\">\n<li><span class=\"fc-icon backpack-thin\"><\/span>  bis zu <strong>6 Personen<\/strong><\/li>\n\n\n\n<li><span class=\"fc-icon shop-thin\"><\/span> Schattige <strong>Terrassen <\/strong><\/li>\n\n\n\n<li><span class=\"fc-icon house-tree-thin\"><\/span> <strong>Ausgestattete<\/strong> Unterk\u00fcnfte<\/li>\n\n\n\n<li><span class=\"fc-icon toilet-thin\"><\/span> <strong>Private<\/strong> Sanit\u00e4ranlagen<\/li>\n<\/ul>\n<\/div>\n\n\n\n<div class=\"is-layout-flex wp-container-12 wp-block-columns alignfull T-35 fade-up has-fond-background-color has-background\">\n<div class=\"is-layout-flow wp-block-column col-img\">\n<figure class=\"wp-block-image size-full fc-auto\"><img decoding=\"async\" width=\"800\" height=\"533\" src=\"https:\/\/campingdulavandin.com\/wp-content\/uploads\/2024\/05\/location-01.webp\" alt=\"\" class=\"wp-image-557\" srcset=\"https:\/\/campingdulavandin.com\/wp-content\/uploads\/2024\/05\/location-01.webp 800w, https:\/\/campingdulavandin.com\/wp-content\/uploads\/2024\/05\/location-01-300x200.webp 300w, https:\/\/campingdulavandin.com\/wp-content\/uploads\/2024\/05\/location-01-768x512.webp 768w\" sizes=\"(max-width: 800px) 100vw, 800px\" title=\"\"><\/figure>\n<\/div>\n\n\n\n<div class=\"is-layout-flow wp-block-column\">\n<h2 class=\"has-violet-color has-text-color\">Colorado<\/h2>\n\n\n\n<p>Genie\u00dfen Sie ein 28.80m\u00b2 gro\u00dfes <strong>Luxus-Cottage f\u00fcr 4 Personen<\/strong> mit 2 Schlafzimmern, einer voll ausgestatteten K\u00fcche, kompletten Sanit\u00e4ranlagen und Klimaanlage f\u00fcr Ihren Komforturlaub.<\/p>\n<\/div>\n<\/div>\n","protected":false},"excerpt":{"rendered":"<p>Mobilheime Komfort Die Mobilheime auf dem Campingplatz du Lavandin in den C\u00f4tes du Rh\u00f4ne bieten Komfort und Modernit\u00e4t mit ger\u00e4umigen Zimmern, einer voll ausgestatteten K\u00fcche und einer schattigen Terrasse. Sie sind ideal f\u00fcr Familien und bieten eine ruhige, nat\u00fcrliche Umgebung in der N\u00e4he der Weinberge und der Sehensw\u00fcrdigkeiten der Provence. Ihr Urlaub auf einem Komfort-Campingplatz [&hellip;]<\/p>\n","protected":false},"author":1,"featured_media":0,"parent":0,"menu_order":0,"comment_status":"closed","ping_status":"closed","template":"","meta":[],"acf":[],"_links":{"self":[{"href":"https:\/\/campingdulavandin.com\/de\/wp-json\/wp\/v2\/pages\/687"}],"collection":[{"href":"https:\/\/campingdulavandin.com\/de\/wp-json\/wp\/v2\/pages"}],"about":[{"href":"https:\/\/campingdulavandin.com\/de\/wp-json\/wp\/v2\/types\/page"}],"author":[{"embeddable":true,"href":"https:\/\/campingdulavandin.com\/de\/wp-json\/wp\/v2\/users\/1"}],"replies":[{"embeddable":true,"href":"https:\/\/campingdulavandin.com\/de\/wp-json\/wp\/v2\/comments?post=687"}],"version-history":[{"count":2,"href":"https:\/\/campingdulavandin.com\/de\/wp-json\/wp\/v2\/pages\/687\/revisions"}],"predecessor-version":[{"id":815,"href":"https:\/\/campingdulavandin.com\/de\/wp-json\/wp\/v2\/pages\/687\/revisions\/815"}],"wp:attachment":[{"href":"https:\/\/campingdulavandin.com\/de\/wp-json\/wp\/v2\/media?parent=687"}],"curies":[{"name":"wp","href":"https:\/\/api.w.org\/{rel}","templated":true}]}}